{"id":2655,"date":"2024-08-25T08:08:05","date_gmt":"2024-08-25T06:08:05","guid":{"rendered":"https:\/\/villamacan.com\/contact\/"},"modified":"2025-12-17T15:22:49","modified_gmt":"2025-12-17T14:22:49","slug":"contact","status":"publish","type":"page","link":"https:\/\/villamacan.com\/de\/contact\/","title":{"rendered":"KONTAKT"},"content":{"rendered":"\t\t<div data-elementor-type=\"wp-page\" data-elementor-id=\"2655\" class=\"elementor elementor-2655 elementor-879\">\n\t\t\t\t<div class=\"elementor-element elementor-element-ca75db4 elementor-hidden-tablet e-flex e-con-boxed e-con e-parent\" data-id=\"ca75db4\" data-element_type=\"container\" data-settings=\"{&quot;background_background&quot;:&quot;classic&quot;}\">\n\t\t\t\t\t<div class=\"e-con-inner\">\n\t\t<div class=\"elementor-element elementor-element-dbcff14 e-con-full e-flex e-con e-child\" data-id=\"dbcff14\" data-element_type=\"container\">\n\t\t\t\t<div class=\"elementor-element elementor-element-5b33397 elementor-widget elementor-widget-text-editor\" data-id=\"5b33397\" data-element_type=\"widget\" data-widget_type=\"text-editor.default\">\n\t\t\t\t<div class=\"elementor-widget-container\">\n\t\t\t\t\t\t\t\t\t<div class=\"section-title p-relative pr-60 mb-30 wow fadeInLeft animated\" style=\"visibility: visible; animation-name: fadeInLeft;\" data-animation=\"fadeInLeft\" data-delay=\".4s\">\n<h5>KONTAKTIEREN SIE UNS<\/h5>\n<h2>Kontaktieren Sie uns<\/h2>\n<span style=\"color: #ffffff;\">Sie k\u00f6nnen uns direkt kontaktieren oder uns eine Nachricht \u00fcber das Kontaktformular senden<\/span>\n\n<\/div>\n<div class=\"contact-info\">\n<div class=\"single-cta wow fadeInUp animated\" style=\"visibility: visible; animation-name: fadeInUp;\" data-animation=\"fadeInDown animated\" data-delay=\".2s\">\n<ul>\n \t<li><i class=\"fal fa-envelope\"><\/i> <a href=\"mailto:info@villamacan.com\"><span style=\"color: #ffffff;\"> info@villamacan.com<\/span><\/a><\/li>\n \t<li><span style=\"color: #ffffff;\"><i class=\"fal fa-phone\"><\/i> <a style=\"color: #ffffff;\" href=\"tel:+385 95 445 5546\">+385 95 445 5546<\/a>\n<\/span><\/li>\n \t<li><i class=\"fal fa-map-marker-alt\"><\/i> <span style=\"color: #ffffff;\">Rojni\u0107i 47, 52207, Rojni\u0107i, Barban<\/span><\/li>\n \t<li><i class=\"fab fa-instagram\"><\/i> <span style=\"color: #ffffff;\"><a style=\"color: #ffffff;\" href=\"https:\/\/www.instagram.com\/villamacan\/\">Instagram<\/a><\/span><\/li>\n \t<li><i class=\"fab fa-facebook\"><\/i> <span style=\"color: #ffffff;\"><a style=\"color: #ffffff;\" href=\"https:\/\/www.facebook.com\/profile.php?id=61566290300098\">Facebook<\/a><\/span><\/li>\n<\/ul>\n<\/div>\n<\/div>\t\t\t\t\t\t\t\t<\/div>\n\t\t\t\t<\/div>\n\t\t\t\t<\/div>\n\t\t<div class=\"elementor-element elementor-element-17fe93c e-con-full e-flex e-con e-child\" data-id=\"17fe93c\" data-element_type=\"container\">\n\t\t\t\t<div class=\"elementor-element elementor-element-ac2778c elementor-widget elementor-widget-html\" data-id=\"ac2778c\" data-element_type=\"widget\" data-widget_type=\"html.default\">\n\t\t\t\t<div class=\"elementor-widget-container\">\n\t\t\t\t\t\n<div class=\"wpcf7 no-js\" id=\"wpcf7-f3282-o1\" lang=\"en-US\" dir=\"ltr\" data-wpcf7-id=\"3282\">\n<div class=\"screen-reader-response\"><p role=\"status\" aria-live=\"polite\" aria-atomic=\"true\"><\/p> <ul><\/ul><\/div>\n<form action=\"\/de\/wp-json\/wp\/v2\/pages\/2655#wpcf7-f3282-o1\" method=\"post\" class=\"wpcf7-form init\" aria-label=\"Contact form\" novalidate=\"novalidate\" data-status=\"init\">\n<fieldset class=\"hidden-fields-container\"><input type=\"hidden\" name=\"_wpcf7\" value=\"3282\" \/><input type=\"hidden\" name=\"_wpcf7_version\" value=\"6.1.4\" \/><input type=\"hidden\" name=\"_wpcf7_locale\" value=\"en_US\" \/><input type=\"hidden\" name=\"_wpcf7_unit_tag\" value=\"wpcf7-f3282-o1\" \/><input type=\"hidden\" name=\"_wpcf7_container_post\" value=\"0\" \/><input type=\"hidden\" name=\"_wpcf7_posted_data_hash\" value=\"\" \/>\n<\/fieldset>\n<div class=\"row\">\n\t<div class=\"col-lg-6\">\n\t\t<div class=\"contact-field p-relative c-name mb-20\">\n\t\t\t<p><i class=\"fas fa-user\"><\/i><span class=\"wpcf7-form-control-wrap\" data-name=\"firstname\"><input size=\"40\" maxlength=\"400\" class=\"wpcf7-form-control wpcf7-text wpcf7-validates-as-required\" aria-required=\"true\" aria-invalid=\"false\" placeholder=\"Ihr Name\" value=\"\" type=\"text\" name=\"firstname\" \/><\/span>\n\t\t\t<\/p>\n\t\t<\/div>\n\t<\/div>\n\t<div class=\"col-lg-6\">\n\t\t<div class=\"contact-field p-relative c-subject mb-20\">\n\t\t\t<p><i class=\"fas fa-envelope-open\"><\/i><span class=\"wpcf7-form-control-wrap\" data-name=\"email\"><input size=\"40\" maxlength=\"400\" class=\"wpcf7-form-control wpcf7-email wpcf7-validates-as-required wpcf7-text wpcf7-validates-as-email\" aria-required=\"true\" aria-invalid=\"false\" placeholder=\"Ihre E-Mail\" value=\"\" type=\"email\" name=\"email\" \/><\/span>\n\t\t\t<\/p>\n\t\t<\/div>\n\t<\/div>\n\t<div class=\"col-lg-12\">\n\t\t<div class=\"contact-field p-relative c-message mb-30\">\n\t\t\t<p><i class=\"fas fa-pencil\"><\/i><span class=\"wpcf7-form-control-wrap\" data-name=\"message\"><textarea cols=\"40\" rows=\"10\" maxlength=\"2000\" class=\"wpcf7-form-control wpcf7-textarea\" aria-invalid=\"false\" placeholder=\"Nachricht\" name=\"message\"><\/textarea><\/span>\n\t\t\t<\/p>\n\t\t<\/div>\n\t\t<div class=\"slider-btn\">\n\t\t\t<p><button class=\"btn ss-btn\" data-animation=\"fadeInRight\" data-delay=\".8s\">SENDEN SIE EINE NACHRICHT<\/button>\n\t\t\t<\/p>\n\t\t<\/div>\n\t<\/div>\n<\/div><div class=\"wpcf7-response-output\" aria-hidden=\"true\"><\/div>\n<\/form>\n<\/div>\n\t\t\t\t<\/div>\n\t\t\t\t<\/div>\n\t\t\t\t<\/div>\n\t\t\t\t\t<\/div>\n\t\t\t\t<\/div>\n\t\t<div class=\"elementor-element elementor-element-d9f3483 elementor-hidden-desktop elementor-hidden-mobile e-flex e-con-boxed e-con e-parent\" data-id=\"d9f3483\" data-element_type=\"container\" data-settings=\"{&quot;background_background&quot;:&quot;classic&quot;}\">\n\t\t\t\t\t<div class=\"e-con-inner\">\n\t\t<div class=\"elementor-element elementor-element-040bb74 e-con-full e-flex e-con e-child\" data-id=\"040bb74\" data-element_type=\"container\">\n\t\t\t\t<div class=\"elementor-element elementor-element-0979a0c elementor-widget elementor-widget-text-editor\" data-id=\"0979a0c\" data-element_type=\"widget\" data-widget_type=\"text-editor.default\">\n\t\t\t\t<div class=\"elementor-widget-container\">\n\t\t\t\t\t\t\t\t\t<div class=\"section-title p-relative pr-60 mb-30 wow fadeInLeft animated\" style=\"visibility: visible; animation-name: fadeInLeft;\" data-animation=\"fadeInLeft\" data-delay=\".4s\">\n<h5>KONTAKTIEREN SIE UNS<\/h5>\n<h2>Kontaktieren Sie uns<\/h2>\n<span style=\"color: #ffffff;\">Sie k\u00f6nnen uns direkt kontaktieren oder uns eine Nachricht \u00fcber das Kontaktformular senden<\/span>\n\n<\/div>\n<div class=\"contact-info\">\n<div class=\"single-cta wow fadeInUp animated\" style=\"visibility: visible; animation-name: fadeInUp;\" data-animation=\"fadeInDown animated\" data-delay=\".2s\">\n<ul>\n \t<li><i class=\"fal fa-envelope\"><\/i> <a href=\"mailto:info@villamacan.com\"><span style=\"color: #ffffff;\"> info@villamacan.com<\/span><\/a><\/li>\n \t<li><span style=\"color: #ffffff;\"><i class=\"fal fa-phone\"><\/i> <a style=\"color: #ffffff;\" href=\"tel:+385 95 445 5546\">+385 95 445 5546<\/a>\n<\/span><\/li>\n \t<li><i class=\"fal fa-map-marker-alt\"><\/i> <span style=\"color: #ffffff;\">Rojni\u0107i 47, 52207, Rojni\u0107i, Barban<\/span><\/li>\n \t<li><i class=\"fab fa-instagram\"><\/i> <span style=\"color: #ffffff;\"><a style=\"color: #ffffff;\" href=\"https:\/\/www.instagram.com\/villamacan\/\">Instagram<\/a><\/span><\/li>\n \t<li><i class=\"fab fa-facebook\"><\/i> <span style=\"color: #ffffff;\"><a style=\"color: #ffffff;\" href=\"https:\/\/www.facebook.com\/profile.php?id=61566290300098\">Facebook<\/a><\/span><\/li>\n<\/ul>\n<\/div>\n<\/div>\t\t\t\t\t\t\t\t<\/div>\n\t\t\t\t<\/div>\n\t\t\t\t<div class=\"elementor-element elementor-element-c8c72b6 elementor-widget elementor-widget-html\" data-id=\"c8c72b6\" data-element_type=\"widget\" data-widget_type=\"html.default\">\n\t\t\t\t<div class=\"elementor-widget-container\">\n\t\t\t\t\t\n<div class=\"wpcf7 no-js\" id=\"wpcf7-f3282-o2\" lang=\"en-US\" dir=\"ltr\" data-wpcf7-id=\"3282\">\n<div class=\"screen-reader-response\"><p role=\"status\" aria-live=\"polite\" aria-atomic=\"true\"><\/p> <ul><\/ul><\/div>\n<form action=\"\/de\/wp-json\/wp\/v2\/pages\/2655#wpcf7-f3282-o2\" method=\"post\" class=\"wpcf7-form init\" aria-label=\"Contact form\" novalidate=\"novalidate\" data-status=\"init\">\n<fieldset class=\"hidden-fields-container\"><input type=\"hidden\" name=\"_wpcf7\" value=\"3282\" \/><input type=\"hidden\" name=\"_wpcf7_version\" value=\"6.1.4\" \/><input type=\"hidden\" name=\"_wpcf7_locale\" value=\"en_US\" \/><input type=\"hidden\" name=\"_wpcf7_unit_tag\" value=\"wpcf7-f3282-o2\" \/><input type=\"hidden\" name=\"_wpcf7_container_post\" value=\"0\" \/><input type=\"hidden\" name=\"_wpcf7_posted_data_hash\" value=\"\" \/>\n<\/fieldset>\n<div class=\"row\">\n\t<div class=\"col-lg-6\">\n\t\t<div class=\"contact-field p-relative c-name mb-20\">\n\t\t\t<p><i class=\"fas fa-user\"><\/i><span class=\"wpcf7-form-control-wrap\" data-name=\"firstname\"><input size=\"40\" maxlength=\"400\" class=\"wpcf7-form-control wpcf7-text wpcf7-validates-as-required\" aria-required=\"true\" aria-invalid=\"false\" placeholder=\"Ihr Name\" value=\"\" type=\"text\" name=\"firstname\" \/><\/span>\n\t\t\t<\/p>\n\t\t<\/div>\n\t<\/div>\n\t<div class=\"col-lg-6\">\n\t\t<div class=\"contact-field p-relative c-subject mb-20\">\n\t\t\t<p><i class=\"fas fa-envelope-open\"><\/i><span class=\"wpcf7-form-control-wrap\" data-name=\"email\"><input size=\"40\" maxlength=\"400\" class=\"wpcf7-form-control wpcf7-email wpcf7-validates-as-required wpcf7-text wpcf7-validates-as-email\" aria-required=\"true\" aria-invalid=\"false\" placeholder=\"Ihre E-Mail\" value=\"\" type=\"email\" name=\"email\" \/><\/span>\n\t\t\t<\/p>\n\t\t<\/div>\n\t<\/div>\n\t<div class=\"col-lg-12\">\n\t\t<div class=\"contact-field p-relative c-message mb-30\">\n\t\t\t<p><i class=\"fas fa-pencil\"><\/i><span class=\"wpcf7-form-control-wrap\" data-name=\"message\"><textarea cols=\"40\" rows=\"10\" maxlength=\"2000\" class=\"wpcf7-form-control wpcf7-textarea\" aria-invalid=\"false\" placeholder=\"Nachricht\" name=\"message\"><\/textarea><\/span>\n\t\t\t<\/p>\n\t\t<\/div>\n\t\t<div class=\"slider-btn\">\n\t\t\t<p><button class=\"btn ss-btn\" data-animation=\"fadeInRight\" data-delay=\".8s\">SENDEN SIE EINE NACHRICHT<\/button>\n\t\t\t<\/p>\n\t\t<\/div>\n\t<\/div>\n<\/div><div class=\"wpcf7-response-output\" aria-hidden=\"true\"><\/div>\n<\/form>\n<\/div>\n\t\t\t\t<\/div>\n\t\t\t\t<\/div>\n\t\t\t\t<\/div>\n\t\t\t\t\t<\/div>\n\t\t\t\t<\/div>\n\t\t<div class=\"elementor-element elementor-element-fde5abe e-con-full e-flex e-con e-parent\" data-id=\"fde5abe\" data-element_type=\"container\" data-settings=\"{&quot;background_background&quot;:&quot;classic&quot;}\">\n\t\t\t\t<div class=\"elementor-element elementor-element-a60f75f elementor-widget elementor-widget-html\" data-id=\"a60f75f\" data-element_type=\"widget\" data-widget_type=\"html.default\">\n\t\t\t\t<div class=\"elementor-widget-container\">\n\t\t\t\t\t<iframe src=\"https:\/\/www.google.com\/maps\/embed?pb=!1m18!1m12!1m3!1d3399.9812950524056!2d13.957330076637245!3d45.089583758355154!2m3!1f0!2f0!3f0!3m2!1i1024!2i768!4f13.1!3m3!1m2!1s0x477cb50949ef4409%3A0xc2fd35e39e658a88!2sVilla%20Macan!5e1!3m2!1shr!2shr!4v1724594170544!5m2!1shr!2shr\" width=\"800\" height=\"600\" style=\"border:0;\" allowfullscreen=\"\" loading=\"lazy\" referrerpolicy=\"no-referrer-when-downgrade\"><\/iframe>\t\t\t\t<\/div>\n\t\t\t\t<\/div>\n\t\t\t\t<\/div>\n\t\t\t\t<\/div>\n\t\t","protected":false},"excerpt":{"rendered":"<p>KONTAKTIEREN SIE UNS Kontaktieren Sie uns Sie k\u00f6nnen uns direkt kontaktieren oder uns eine Nachricht \u00fcber das Kontaktformular senden info@villamacan.com +385 95 445 5546 Rojni\u0107i 47, 52207, Rojni\u0107i, Barban Instagram Facebook KONTAKTIEREN SIE UNS Kontaktieren Sie uns Sie k\u00f6nnen uns direkt kontaktieren oder uns eine Nachricht \u00fcber das Kontaktformular senden info@villamacan.com +385 95 445 5546 [&hellip;]<\/p>\n","protected":false},"author":1,"featured_media":0,"parent":0,"menu_order":0,"comment_status":"closed","ping_status":"closed","template":"elementor_header_footer","meta":{"footnotes":""},"class_list":["post-2655","page","type-page","status-publish","hentry"],"yoast_head":"<!-- This site is optimized with the Yoast SEO plugin v26.6 - https:\/\/yoast.com\/wordpress\/plugins\/seo\/ -->\n<title>KONTAKT - Villa Macan<\/title>\n<meta name=\"description\" content=\"Villa Macan - Contact, Email: info@villamacan.com, Phone: +385 95 445 5546, Address: Rojni\u0107i 47, 52207, Rojni\u0107i, Barban, Croatia\" \/>\n<meta name=\"robots\" content=\"index, follow, max-snippet:-1, max-image-preview:large, max-video-preview:-1\" \/>\n<link rel=\"canonical\" href=\"https:\/\/villamacan.com\/de\/contact\/\" \/>\n<meta property=\"og:locale\" content=\"de_DE\" \/>\n<meta property=\"og:type\" content=\"article\" \/>\n<meta property=\"og:title\" content=\"KONTAKT - Villa Macan\" \/>\n<meta property=\"og:description\" content=\"Villa Macan - Contact, Email: info@villamacan.com, Phone: +385 95 445 5546, Address: Rojni\u0107i 47, 52207, Rojni\u0107i, Barban, Croatia\" \/>\n<meta property=\"og:url\" content=\"https:\/\/villamacan.com\/de\/contact\/\" \/>\n<meta property=\"og:site_name\" content=\"Villa Macan\" \/>\n<meta property=\"article:publisher\" content=\"https:\/\/www.facebook.com\/people\/Villa-Macan\/61566290300098\/\" \/>\n<meta property=\"article:modified_time\" content=\"2025-12-17T14:22:49+00:00\" \/>\n<meta name=\"twitter:card\" content=\"summary_large_image\" \/>\n<meta name=\"twitter:label1\" content=\"Gesch\u00e4tzte Lesezeit\" \/>\n\t<meta name=\"twitter:data1\" content=\"1\u00a0Minute\" \/>\n<script type=\"application\/ld+json\" class=\"yoast-schema-graph\">{\"@context\":\"https:\/\/schema.org\",\"@graph\":[{\"@type\":\"WebPage\",\"@id\":\"https:\/\/villamacan.com\/de\/contact\/\",\"url\":\"https:\/\/villamacan.com\/de\/contact\/\",\"name\":\"KONTAKT - Villa Macan\",\"isPartOf\":{\"@id\":\"https:\/\/villamacan.com\/de\/#website\"},\"datePublished\":\"2024-08-25T06:08:05+00:00\",\"dateModified\":\"2025-12-17T14:22:49+00:00\",\"description\":\"Villa Macan - Contact, Email: info@villamacan.com, Phone: +385 95 445 5546, Address: Rojni\u0107i 47, 52207, Rojni\u0107i, Barban, Croatia\",\"breadcrumb\":{\"@id\":\"https:\/\/villamacan.com\/de\/contact\/#breadcrumb\"},\"inLanguage\":\"de\",\"potentialAction\":[{\"@type\":\"ReadAction\",\"target\":[\"https:\/\/villamacan.com\/de\/contact\/\"]}]},{\"@type\":\"BreadcrumbList\",\"@id\":\"https:\/\/villamacan.com\/de\/contact\/#breadcrumb\",\"itemListElement\":[{\"@type\":\"ListItem\",\"position\":1,\"name\":\"Home\",\"item\":\"https:\/\/villamacan.com\/de\/\"},{\"@type\":\"ListItem\",\"position\":2,\"name\":\"KONTAKT\"}]},{\"@type\":\"WebSite\",\"@id\":\"https:\/\/villamacan.com\/de\/#website\",\"url\":\"https:\/\/villamacan.com\/de\/\",\"name\":\"Villa Macan\",\"description\":\"Official Website\",\"publisher\":{\"@id\":\"https:\/\/villamacan.com\/de\/#organization\"},\"alternateName\":\"Villa Macan\",\"potentialAction\":[{\"@type\":\"SearchAction\",\"target\":{\"@type\":\"EntryPoint\",\"urlTemplate\":\"https:\/\/villamacan.com\/de\/?s={search_term_string}\"},\"query-input\":{\"@type\":\"PropertyValueSpecification\",\"valueRequired\":true,\"valueName\":\"search_term_string\"}}],\"inLanguage\":\"de\"},{\"@type\":\"Organization\",\"@id\":\"https:\/\/villamacan.com\/de\/#organization\",\"name\":\"Villa Macan\",\"url\":\"https:\/\/villamacan.com\/de\/\",\"logo\":{\"@type\":\"ImageObject\",\"inLanguage\":\"de\",\"@id\":\"https:\/\/villamacan.com\/de\/#\/schema\/logo\/image\/\",\"url\":\"https:\/\/villamacan.com\/wp-content\/uploads\/2024\/08\/fulllogo_transparent_nobuffer.png\",\"contentUrl\":\"https:\/\/villamacan.com\/wp-content\/uploads\/2024\/08\/fulllogo_transparent_nobuffer.png\",\"width\":1280,\"height\":873,\"caption\":\"Villa Macan\"},\"image\":{\"@id\":\"https:\/\/villamacan.com\/de\/#\/schema\/logo\/image\/\"},\"sameAs\":[\"https:\/\/www.facebook.com\/people\/Villa-Macan\/61566290300098\/\"]}]}<\/script>\n<!-- \/ Yoast SEO plugin. -->","yoast_head_json":{"title":"KONTAKT - Villa Macan","description":"Villa Macan - Contact, Email: info@villamacan.com, Phone: +385 95 445 5546, Address: Rojni\u0107i 47, 52207, Rojni\u0107i, Barban, Croatia","robots":{"index":"index","follow":"follow","max-snippet":"max-snippet:-1","max-image-preview":"max-image-preview:large","max-video-preview":"max-video-preview:-1"},"canonical":"https:\/\/villamacan.com\/de\/contact\/","og_locale":"de_DE","og_type":"article","og_title":"KONTAKT - Villa Macan","og_description":"Villa Macan - Contact, Email: info@villamacan.com, Phone: +385 95 445 5546, Address: Rojni\u0107i 47, 52207, Rojni\u0107i, Barban, Croatia","og_url":"https:\/\/villamacan.com\/de\/contact\/","og_site_name":"Villa Macan","article_publisher":"https:\/\/www.facebook.com\/people\/Villa-Macan\/61566290300098\/","article_modified_time":"2025-12-17T14:22:49+00:00","twitter_card":"summary_large_image","twitter_misc":{"Gesch\u00e4tzte Lesezeit":"1\u00a0Minute"},"schema":{"@context":"https:\/\/schema.org","@graph":[{"@type":"WebPage","@id":"https:\/\/villamacan.com\/de\/contact\/","url":"https:\/\/villamacan.com\/de\/contact\/","name":"KONTAKT - Villa Macan","isPartOf":{"@id":"https:\/\/villamacan.com\/de\/#website"},"datePublished":"2024-08-25T06:08:05+00:00","dateModified":"2025-12-17T14:22:49+00:00","description":"Villa Macan - Contact, Email: info@villamacan.com, Phone: +385 95 445 5546, Address: Rojni\u0107i 47, 52207, Rojni\u0107i, Barban, Croatia","breadcrumb":{"@id":"https:\/\/villamacan.com\/de\/contact\/#breadcrumb"},"inLanguage":"de","potentialAction":[{"@type":"ReadAction","target":["https:\/\/villamacan.com\/de\/contact\/"]}]},{"@type":"BreadcrumbList","@id":"https:\/\/villamacan.com\/de\/contact\/#breadcrumb","itemListElement":[{"@type":"ListItem","position":1,"name":"Home","item":"https:\/\/villamacan.com\/de\/"},{"@type":"ListItem","position":2,"name":"KONTAKT"}]},{"@type":"WebSite","@id":"https:\/\/villamacan.com\/de\/#website","url":"https:\/\/villamacan.com\/de\/","name":"Villa Macan","description":"Official Website","publisher":{"@id":"https:\/\/villamacan.com\/de\/#organization"},"alternateName":"Villa Macan","potentialAction":[{"@type":"SearchAction","target":{"@type":"EntryPoint","urlTemplate":"https:\/\/villamacan.com\/de\/?s={search_term_string}"},"query-input":{"@type":"PropertyValueSpecification","valueRequired":true,"valueName":"search_term_string"}}],"inLanguage":"de"},{"@type":"Organization","@id":"https:\/\/villamacan.com\/de\/#organization","name":"Villa Macan","url":"https:\/\/villamacan.com\/de\/","logo":{"@type":"ImageObject","inLanguage":"de","@id":"https:\/\/villamacan.com\/de\/#\/schema\/logo\/image\/","url":"https:\/\/villamacan.com\/wp-content\/uploads\/2024\/08\/fulllogo_transparent_nobuffer.png","contentUrl":"https:\/\/villamacan.com\/wp-content\/uploads\/2024\/08\/fulllogo_transparent_nobuffer.png","width":1280,"height":873,"caption":"Villa Macan"},"image":{"@id":"https:\/\/villamacan.com\/de\/#\/schema\/logo\/image\/"},"sameAs":["https:\/\/www.facebook.com\/people\/Villa-Macan\/61566290300098\/"]}]}},"_links":{"self":[{"href":"https:\/\/villamacan.com\/de\/wp-json\/wp\/v2\/pages\/2655","targetHints":{"allow":["GET"]}}],"collection":[{"href":"https:\/\/villamacan.com\/de\/wp-json\/wp\/v2\/pages"}],"about":[{"href":"https:\/\/villamacan.com\/de\/wp-json\/wp\/v2\/types\/page"}],"author":[{"embeddable":true,"href":"https:\/\/villamacan.com\/de\/wp-json\/wp\/v2\/users\/1"}],"replies":[{"embeddable":true,"href":"https:\/\/villamacan.com\/de\/wp-json\/wp\/v2\/comments?post=2655"}],"version-history":[{"count":10,"href":"https:\/\/villamacan.com\/de\/wp-json\/wp\/v2\/pages\/2655\/revisions"}],"predecessor-version":[{"id":3500,"href":"https:\/\/villamacan.com\/de\/wp-json\/wp\/v2\/pages\/2655\/revisions\/3500"}],"wp:attachment":[{"href":"https:\/\/villamacan.com\/de\/wp-json\/wp\/v2\/media?parent=2655"}],"curies":[{"name":"wp","href":"https:\/\/api.w.org\/{rel}","templated":true}]}}